{"id":10282,"date":"2022-08-16T09:17:00","date_gmt":"2022-08-16T07:17:00","guid":{"rendered":"https:\/\/kwp.at\/pensionistenklubs\/?page_id=10282"},"modified":"2022-08-16T09:17:00","modified_gmt":"2022-08-16T07:17:00","slug":"datenschutz-gewinnspiel-trachtenparchen","status":"publish","type":"page","link":"https:\/\/kwp.at\/pensionistenklubs\/datenschutz-gewinnspiel-trachtenparchen\/","title":{"rendered":"Datenschutz \u2013 Einwilligung und wesentlicher HINWEIS gem\u00e4\u00df Artikel 13 DSGVO"},"content":{"rendered":"\n<p>Die TeilnehmerInnen des Gewinnspiels erteilen ihre Einwilligung, dass die PensionistInnenklubs f\u00fcr die Stadt Wien des Kuratoriums Wiener Pensionisten-Wohnh\u00e4user, Ottakringer Stra\u00dfe 264, 1160 Wien zum Zweck der Durchf\u00fchrung und Abwicklung des Gewinnspiels &#8222;Trachtenp\u00e4rchen&#8220; folgende notwendigen Daten verarbeiten:<\/p>\n\n\n\n<ul class=\"wp-block-list\"><li>Anrede (Geschlecht)<\/li><li>Vor- und Nachname<\/li><li>E-Mail-Adresse<\/li><li>Foto &#8222;Trachtenp\u00e4rchen&#8220;<\/li><li>Wohnadresse<\/li><\/ul>\n\n\n\n<p>Diese Einwilligung kann jederzeit per E-Mail an pk@kwp.at oder per Post an PensionistInnenklubs f\u00fcr die Stadt Wien des Kuratoriums Wiener Pensionisten-Wohnh\u00e4user, Ottakringer Stra\u00dfe 264, 1160 Wien widerrufen werden.<\/p>\n\n\n\n<p>Die notwendigen personenbezogenen Daten werden mit Ablauf des Gewinnspiels gel\u00f6scht. Die Rechtsgrundlage f\u00fcr die Verarbeitungsschritte bei der Durchf\u00fchrung und Abwicklung des Gewinnspiels stellt gem\u00e4\u00df Art 6 Abs 1 lit a DSGVO die Einwilligungserkl\u00e4rung dar. Die TeilnehmerInnen haben als betroffene Personen das Recht auf Auskunft \u00fcber ihre personenbezogenen Daten, das Recht auf Berichtigung oder L\u00f6schung oder auf Einschr\u00e4nkung der Verarbeitung sowie ein Beschwerderecht an die \u00f6sterreichische Datenschutzbeh\u00f6rde (DSB). Datenschutzrechtlicher Auftraggeber ist das Kuratorium Wiener-Pensionisten-Wohnh\u00e4user.<\/p>\n\n\n\n<h2 class=\"wp-block-heading\">Teilnahme und Ablauf<\/h2>\n\n\n\n<p>Das Gewinnspiel startet am 16.08.2022 und endet am 08.09.2022, 24:00 Uhr. Die Teilnahme am Gewinnspiel ist ausschlie\u00dflich f\u00fcr Personen \u00fcber 16 Jahren mit Wohnsitz in \u00d6sterreich m\u00f6glich.&nbsp;Zur Teilnahme am Gewinnspiel werden Anrede (Geschlecht), Vor- und Nachname, Wohnadresse und E-Mail-Adresse ben\u00f6tigt. Aus allen Einsendungen werden 4 GewinnerInnen ermittelt. Jede Person darf nur einmal am Gewinnspiel teilnehmen. Die Teilnahme ist ausschlie\u00dflich per E-Mail an gewinnspiel@kwp.at m\u00f6glich. Die Teilnahme \u00fcber automatisierte Massenteilnahmeverfahren Dritter ist unzul\u00e4ssig. Die PensionistInnenklubs der Stadt Wien sind berechtigt, einzelne Personen von der Teilnahme auszuschlie\u00dfen, sofern berechtigte Gr\u00fcnde, insbesondere ein Versto\u00df gegen die Teilnahmebedingungen, Manipulation o.\u00e4., etc. vorliegen. MitarbeiterInnen des Kuratoriums Wiener Pensionisten-Wohnh\u00e4user sind vom Gewinnspiel ausgeschlossen.<\/p>\n\n\n\n<h2 class=\"wp-block-heading\">Gewinn<\/h2>\n\n\n\n<p><strong>Es werden insgesamt 4 GewinnerInnen per Los ermittelt. Jede\/r GewinnerIn erh\u00e4lt<\/strong>:<\/p>\n\n\n\n<ul class=\"wp-block-list\"><li>1&#215;2 Klub-Pakete f\u00fcr die Wiener Kaiser Wiesn am 28. September 2022 im Wert von 16,00\u20ac\/pP.<\/li><li>inkl. exklusivem &#8222;Meet &amp; Greet&#8220; auf der B\u00fchne im Wert von 32,00\u20ac\/pP.<\/li><\/ul>\n","protected":false},"excerpt":{"rendered":"<p>Die TeilnehmerInnen des Gewinnspiels erteilen ihre Einwilligung, dass die PensionistInnenklubs f\u00fcr die Stadt Wien des Kuratoriums Wiener Pensionisten-Wohnh\u00e4user, Ottakringer Stra\u00dfe 264, 1160 Wien zum Zweck<\/p>\n","protected":false},"author":78,"featured_media":10344,"parent":0,"menu_order":0,"comment_status":"closed","ping_status":"closed","template":"","meta":{"_acf_changed":false,"footnotes":""},"class_list":["post-10282","page","type-page","status-publish","has-post-thumbnail","hentry"],"acf":[],"yoast_head":"<!-- This site is optimized with the Yoast SEO plugin v27.4 - https:\/\/yoast.com\/product\/yoast-seo-wordpress\/ -->\n<title>Datenschutzhinweis Teilnahme Gewinnspiel &quot;Trachtenp\u00e4rchen&quot;<\/title>\n<meta name=\"description\" content=\"Mit den PensionistInnenklubs Tickets f\u00fcr die Kaiser Wiesn im Wiener Prater gewinnen: Hinweis zum Gewinnspiel und Datenschutz.\" \/>\n<meta name=\"robots\" content=\"index, follow, max-snippet:-1, max-image-preview:large, max-video-preview:-1\" \/>\n<link rel=\"canonical\" href=\"https:\/\/kwp.at\/pensionistenklubs\/datenschutz-gewinnspiel-trachtenparchen\/\" \/>\n<meta property=\"og:locale\" content=\"de_DE\" \/>\n<meta property=\"og:type\" content=\"article\" \/>\n<meta property=\"og:title\" content=\"Datenschutzhinweis Teilnahme Gewinnspiel &quot;Trachtenp\u00e4rchen&quot;\" \/>\n<meta property=\"og:description\" content=\"Mit den PensionistInnenklubs Tickets f\u00fcr die Kaiser Wiesn im Wiener Prater gewinnen: Hinweis zum Gewinnspiel und Datenschutz.\" \/>\n<meta property=\"og:url\" content=\"https:\/\/kwp.at\/pensionistenklubs\/datenschutz-gewinnspiel-trachtenparchen\/\" \/>\n<meta property=\"og:site_name\" content=\"Pensionist*innenklubs\" \/>\n<meta property=\"og:image\" content=\"https:\/\/kwp.at\/pensionistenklubs\/wp-content\/uploads\/sites\/2\/2022\/08\/Kampagne_Tracht-27-von-53-scaled-e1659597706503.jpg\" \/>\n\t<meta property=\"og:image:width\" content=\"2560\" \/>\n\t<meta property=\"og:image:height\" content=\"1126\" \/>\n\t<meta property=\"og:image:type\" content=\"image\/jpeg\" \/>\n<meta name=\"twitter:card\" content=\"summary_large_image\" \/>\n<meta name=\"twitter:label1\" content=\"Gesch\u00e4tzte Lesezeit\" \/>\n\t<meta name=\"twitter:data1\" content=\"2\u00a0Minuten\" \/>\n<script type=\"application\/ld+json\" class=\"yoast-schema-graph\">{\"@context\":\"https:\\\/\\\/schema.org\",\"@graph\":[{\"@type\":\"WebPage\",\"@id\":\"https:\\\/\\\/kwp.at\\\/pensionistenklubs\\\/datenschutz-gewinnspiel-trachtenparchen\\\/\",\"url\":\"https:\\\/\\\/kwp.at\\\/pensionistenklubs\\\/datenschutz-gewinnspiel-trachtenparchen\\\/\",\"name\":\"Datenschutzhinweis Teilnahme Gewinnspiel \\\"Trachtenp\u00e4rchen\\\"\",\"isPartOf\":{\"@id\":\"https:\\\/\\\/kwp.at\\\/pensionistenklubs\\\/#website\"},\"primaryImageOfPage\":{\"@id\":\"https:\\\/\\\/kwp.at\\\/pensionistenklubs\\\/datenschutz-gewinnspiel-trachtenparchen\\\/#primaryimage\"},\"image\":{\"@id\":\"https:\\\/\\\/kwp.at\\\/pensionistenklubs\\\/datenschutz-gewinnspiel-trachtenparchen\\\/#primaryimage\"},\"thumbnailUrl\":\"https:\\\/\\\/kwp.at\\\/pensionistenklubs\\\/wp-content\\\/uploads\\\/sites\\\/2\\\/2022\\\/08\\\/Kampagne_Tracht-27-von-53-scaled-e1659597706503.jpg\",\"datePublished\":\"2022-08-16T07:17:00+00:00\",\"description\":\"Mit den PensionistInnenklubs Tickets f\u00fcr die Kaiser Wiesn im Wiener Prater gewinnen: Hinweis zum Gewinnspiel und Datenschutz.\",\"inLanguage\":\"de\",\"potentialAction\":[{\"@type\":\"ReadAction\",\"target\":[\"https:\\\/\\\/kwp.at\\\/pensionistenklubs\\\/datenschutz-gewinnspiel-trachtenparchen\\\/\"]}]},{\"@type\":\"ImageObject\",\"inLanguage\":\"de\",\"@id\":\"https:\\\/\\\/kwp.at\\\/pensionistenklubs\\\/datenschutz-gewinnspiel-trachtenparchen\\\/#primaryimage\",\"url\":\"https:\\\/\\\/kwp.at\\\/pensionistenklubs\\\/wp-content\\\/uploads\\\/sites\\\/2\\\/2022\\\/08\\\/Kampagne_Tracht-27-von-53-scaled-e1659597706503.jpg\",\"contentUrl\":\"https:\\\/\\\/kwp.at\\\/pensionistenklubs\\\/wp-content\\\/uploads\\\/sites\\\/2\\\/2022\\\/08\\\/Kampagne_Tracht-27-von-53-scaled-e1659597706503.jpg\",\"width\":2560,\"height\":1126,\"caption\":\"Gewinnspiel \\\"Trachtenp\u00e4rchen\\\"\"},{\"@type\":\"WebSite\",\"@id\":\"https:\\\/\\\/kwp.at\\\/pensionistenklubs\\\/#website\",\"url\":\"https:\\\/\\\/kwp.at\\\/pensionistenklubs\\\/\",\"name\":\"Pensionist*innenklubs\",\"description\":\"F\u00fcr die Stadt Wien\",\"publisher\":{\"@id\":\"https:\\\/\\\/kwp.at\\\/pensionistenklubs\\\/#organization\"},\"potentialAction\":[{\"@type\":\"SearchAction\",\"target\":{\"@type\":\"EntryPoint\",\"urlTemplate\":\"https:\\\/\\\/kwp.at\\\/pensionistenklubs\\\/?s={search_term_string}\"},\"query-input\":{\"@type\":\"PropertyValueSpecification\",\"valueRequired\":true,\"valueName\":\"search_term_string\"}}],\"inLanguage\":\"de\"},{\"@type\":\"Organization\",\"@id\":\"https:\\\/\\\/kwp.at\\\/pensionistenklubs\\\/#organization\",\"name\":\"PensionistInnenklubs f\u00fcr die Stadt Wien\",\"url\":\"https:\\\/\\\/kwp.at\\\/pensionistenklubs\\\/\",\"logo\":{\"@type\":\"ImageObject\",\"inLanguage\":\"de\",\"@id\":\"https:\\\/\\\/kwp.at\\\/pensionistenklubs\\\/#\\\/schema\\\/logo\\\/image\\\/\",\"url\":\"https:\\\/\\\/kwp.at\\\/pensionistenklubs\\\/wp-content\\\/uploads\\\/sites\\\/2\\\/2022\\\/08\\\/Logo-Pensionistenklubs-scaled-1.jpeg\",\"contentUrl\":\"https:\\\/\\\/kwp.at\\\/pensionistenklubs\\\/wp-content\\\/uploads\\\/sites\\\/2\\\/2022\\\/08\\\/Logo-Pensionistenklubs-scaled-1.jpeg\",\"width\":2560,\"height\":610,\"caption\":\"PensionistInnenklubs f\u00fcr die Stadt Wien\"},\"image\":{\"@id\":\"https:\\\/\\\/kwp.at\\\/pensionistenklubs\\\/#\\\/schema\\\/logo\\\/image\\\/\"}}]}<\/script>\n<!-- \/ Yoast SEO plugin. -->","yoast_head_json":{"title":"Datenschutzhinweis Teilnahme Gewinnspiel \"Trachtenp\u00e4rchen\"","description":"Mit den PensionistInnenklubs Tickets f\u00fcr die Kaiser Wiesn im Wiener Prater gewinnen: Hinweis zum Gewinnspiel und Datenschutz.","robots":{"index":"index","follow":"follow","max-snippet":"max-snippet:-1","max-image-preview":"max-image-preview:large","max-video-preview":"max-video-preview:-1"},"canonical":"https:\/\/kwp.at\/pensionistenklubs\/datenschutz-gewinnspiel-trachtenparchen\/","og_locale":"de_DE","og_type":"article","og_title":"Datenschutzhinweis Teilnahme Gewinnspiel \"Trachtenp\u00e4rchen\"","og_description":"Mit den PensionistInnenklubs Tickets f\u00fcr die Kaiser Wiesn im Wiener Prater gewinnen: Hinweis zum Gewinnspiel und Datenschutz.","og_url":"https:\/\/kwp.at\/pensionistenklubs\/datenschutz-gewinnspiel-trachtenparchen\/","og_site_name":"Pensionist*innenklubs","og_image":[{"width":2560,"height":1126,"url":"https:\/\/kwp.at\/pensionistenklubs\/wp-content\/uploads\/sites\/2\/2022\/08\/Kampagne_Tracht-27-von-53-scaled-e1659597706503.jpg","type":"image\/jpeg"}],"twitter_card":"summary_large_image","twitter_misc":{"Gesch\u00e4tzte Lesezeit":"2\u00a0Minuten"},"schema":{"@context":"https:\/\/schema.org","@graph":[{"@type":"WebPage","@id":"https:\/\/kwp.at\/pensionistenklubs\/datenschutz-gewinnspiel-trachtenparchen\/","url":"https:\/\/kwp.at\/pensionistenklubs\/datenschutz-gewinnspiel-trachtenparchen\/","name":"Datenschutzhinweis Teilnahme Gewinnspiel \"Trachtenp\u00e4rchen\"","isPartOf":{"@id":"https:\/\/kwp.at\/pensionistenklubs\/#website"},"primaryImageOfPage":{"@id":"https:\/\/kwp.at\/pensionistenklubs\/datenschutz-gewinnspiel-trachtenparchen\/#primaryimage"},"image":{"@id":"https:\/\/kwp.at\/pensionistenklubs\/datenschutz-gewinnspiel-trachtenparchen\/#primaryimage"},"thumbnailUrl":"https:\/\/kwp.at\/pensionistenklubs\/wp-content\/uploads\/sites\/2\/2022\/08\/Kampagne_Tracht-27-von-53-scaled-e1659597706503.jpg","datePublished":"2022-08-16T07:17:00+00:00","description":"Mit den PensionistInnenklubs Tickets f\u00fcr die Kaiser Wiesn im Wiener Prater gewinnen: Hinweis zum Gewinnspiel und Datenschutz.","inLanguage":"de","potentialAction":[{"@type":"ReadAction","target":["https:\/\/kwp.at\/pensionistenklubs\/datenschutz-gewinnspiel-trachtenparchen\/"]}]},{"@type":"ImageObject","inLanguage":"de","@id":"https:\/\/kwp.at\/pensionistenklubs\/datenschutz-gewinnspiel-trachtenparchen\/#primaryimage","url":"https:\/\/kwp.at\/pensionistenklubs\/wp-content\/uploads\/sites\/2\/2022\/08\/Kampagne_Tracht-27-von-53-scaled-e1659597706503.jpg","contentUrl":"https:\/\/kwp.at\/pensionistenklubs\/wp-content\/uploads\/sites\/2\/2022\/08\/Kampagne_Tracht-27-von-53-scaled-e1659597706503.jpg","width":2560,"height":1126,"caption":"Gewinnspiel \"Trachtenp\u00e4rchen\""},{"@type":"WebSite","@id":"https:\/\/kwp.at\/pensionistenklubs\/#website","url":"https:\/\/kwp.at\/pensionistenklubs\/","name":"Pensionist*innenklubs","description":"F\u00fcr die Stadt Wien","publisher":{"@id":"https:\/\/kwp.at\/pensionistenklubs\/#organization"},"potentialAction":[{"@type":"SearchAction","target":{"@type":"EntryPoint","urlTemplate":"https:\/\/kwp.at\/pensionistenklubs\/?s={search_term_string}"},"query-input":{"@type":"PropertyValueSpecification","valueRequired":true,"valueName":"search_term_string"}}],"inLanguage":"de"},{"@type":"Organization","@id":"https:\/\/kwp.at\/pensionistenklubs\/#organization","name":"PensionistInnenklubs f\u00fcr die Stadt Wien","url":"https:\/\/kwp.at\/pensionistenklubs\/","logo":{"@type":"ImageObject","inLanguage":"de","@id":"https:\/\/kwp.at\/pensionistenklubs\/#\/schema\/logo\/image\/","url":"https:\/\/kwp.at\/pensionistenklubs\/wp-content\/uploads\/sites\/2\/2022\/08\/Logo-Pensionistenklubs-scaled-1.jpeg","contentUrl":"https:\/\/kwp.at\/pensionistenklubs\/wp-content\/uploads\/sites\/2\/2022\/08\/Logo-Pensionistenklubs-scaled-1.jpeg","width":2560,"height":610,"caption":"PensionistInnenklubs f\u00fcr die Stadt Wien"},"image":{"@id":"https:\/\/kwp.at\/pensionistenklubs\/#\/schema\/logo\/image\/"}}]}},"_links":{"self":[{"href":"https:\/\/kwp.at\/pensionistenklubs\/wp-json\/wp\/v2\/pages\/10282","targetHints":{"allow":["GET"]}}],"collection":[{"href":"https:\/\/kwp.at\/pensionistenklubs\/wp-json\/wp\/v2\/pages"}],"about":[{"href":"https:\/\/kwp.at\/pensionistenklubs\/wp-json\/wp\/v2\/types\/page"}],"author":[{"embeddable":true,"href":"https:\/\/kwp.at\/pensionistenklubs\/wp-json\/wp\/v2\/users\/78"}],"replies":[{"embeddable":true,"href":"https:\/\/kwp.at\/pensionistenklubs\/wp-json\/wp\/v2\/comments?post=10282"}],"version-history":[{"count":8,"href":"https:\/\/kwp.at\/pensionistenklubs\/wp-json\/wp\/v2\/pages\/10282\/revisions"}],"predecessor-version":[{"id":10439,"href":"https:\/\/kwp.at\/pensionistenklubs\/wp-json\/wp\/v2\/pages\/10282\/revisions\/10439"}],"wp:featuredmedia":[{"embeddable":true,"href":"https:\/\/kwp.at\/pensionistenklubs\/wp-json\/wp\/v2\/media\/10344"}],"wp:attachment":[{"href":"https:\/\/kwp.at\/pensionistenklubs\/wp-json\/wp\/v2\/media?parent=10282"}],"curies":[{"name":"wp","href":"https:\/\/api.w.org\/{rel}","templated":true}]}}